{"id":40430,"date":"2017-06-14T08:30:33","date_gmt":"2017-06-14T06:30:33","guid":{"rendered":"https:\/\/dev.esogetics.org\/produkt\/facetten-kristalle-elemente-4er-set\/"},"modified":"2026-03-10T10:32:18","modified_gmt":"2026-03-10T09:32:18","slug":"facetten-kristalle-elemente-4er-set","status":"publish","type":"product","link":"https:\/\/esogetics.com\/it\/prodotto\/facetten-kristalle-elemente-4er-set\/","title":{"rendered":"Facetten-Kristalle Elemente (4er Set)"},"content":{"rendered":"<p>Alles was in dieser Dimension existent ist, entstand aus den vier Elementen, so auch das menschliche Leben. In unserem Inneren wirken sie unabl\u00e4ssig und wir stehen in der Mitte der permanenten Spannung, welche durch die Elemente erzeugt werden.<\/p>\n<p>Folgende Zuordnungen zu den vier Elementen k\u00f6nnen getroffen werden:<\/p>\n<p>Das Element Luft: <b>T\u00dcRKIS<\/b><br \/>\nDas Element Erde: <b>LICHTGR\u00dcN<\/b><br \/>\nDas Element Feuer: <b>PURPUR<\/b><br \/>\nDas Element Wasser: <b>ROSE<\/b><\/p>\n<p>4er-Set mit den Element-Kristallen T\u00fcrkis, Lichtgr\u00fcn, Purpur, Ros\u00e9<\/p>\n","protected":false},"excerpt":{"rendered":"<p>Anregung der Selbstheilungskr\u00e4fte und Tiefenentspannung \u00fcber Reflexbereiche des K\u00f6rpers (T\u00fcrkis, Lichtgr\u00fcn, Purpur, Ros\u00e9)<\/p>\n","protected":false},"featured_media":40431,"comment_status":"closed","ping_status":"closed","template":"","meta":{"_acf_changed":false,"_price":"268.9076","_stock":"","_tribe_ticket_header":"","_tribe_default_ticket_provider":"","_tribe_ticket_capacity":"35","_ticket_start_date":"","_ticket_end_date":"","_tribe_ticket_show_description":"","_tribe_ticket_show_not_going":false,"_tribe_ticket_use_global_stock":"","_tribe_ticket_global_stock_level":"","_global_stock_mode":"","_global_stock_cap":"","_tribe_rsvp_for_event":"","_tribe_ticket_going_count":"","_tribe_ticket_not_going_count":"","_tribe_tickets_list":"[]","_tribe_ticket_has_attendee_info_fields":false,"_tec_slr_enabled":"","_tec_slr_layout":""},"product_brand":[],"product_cat":[2865],"product_tag":[],"class_list":{"0":"post-40430","1":"product","2":"type-product","3":"status-publish","4":"has-post-thumbnail","6":"product_cat-cristallo","7":"product_shipping_class-table-rate","9":"first","10":"instock","11":"taxable","12":"shipping-taxable","13":"purchasable","14":"product-type-simple"},"acf":[],"yoast_head":"<!-- This site is optimized with the Yoast SEO plugin v27.5 - https:\/\/yoast.com\/product\/yoast-seo-wordpress\/ -->\n<title>Facetten-Kristalle Elemente (4er Set) - Esogetics<\/title>\n<meta name=\"robots\" content=\"index, follow, max-snippet:-1, max-image-preview:large, max-video-preview:-1\" \/>\n<link rel=\"canonical\" href=\"https:\/\/esogetics.com\/it\/prodotto\/facetten-kristalle-elemente-4er-set\/\" \/>\n<meta property=\"og:locale\" content=\"it_IT\" \/>\n<meta property=\"og:type\" content=\"article\" \/>\n<meta property=\"og:title\" content=\"Facetten-Kristalle Elemente (4er Set) - Esogetics\" \/>\n<meta property=\"og:description\" content=\"Anregung der Selbstheilungskr\u00e4fte und Tiefenentspannung \u00fcber Reflexbereiche des K\u00f6rpers (T\u00fcrkis, Lichtgr\u00fcn, Purpur, Ros\u00e9)\" \/>\n<meta property=\"og:url\" content=\"https:\/\/esogetics.com\/it\/prodotto\/facetten-kristalle-elemente-4er-set\/\" \/>\n<meta property=\"og:site_name\" content=\"Esogetics\" \/>\n<meta property=\"article:modified_time\" content=\"2026-03-10T09:32:18+00:00\" \/>\n<meta property=\"og:image\" content=\"https:\/\/esogetics.com\/wp-content\/uploads\/2017\/04\/esogetics-produkte-6236.jpg\" \/>\n\t<meta property=\"og:image:width\" content=\"1000\" \/>\n\t<meta property=\"og:image:height\" content=\"1000\" \/>\n\t<meta property=\"og:image:type\" content=\"image\/jpeg\" \/>\n<meta name=\"twitter:card\" content=\"summary_large_image\" \/>\n<meta name=\"twitter:label1\" content=\"Tempo di lettura stimato\" \/>\n\t<meta name=\"twitter:data1\" content=\"1 minuto\" \/>\n<script type=\"application\/ld+json\" class=\"yoast-schema-graph\">{\"@context\":\"https:\\\/\\\/schema.org\",\"@graph\":[{\"@type\":\"WebPage\",\"@id\":\"https:\\\/\\\/esogetics.com\\\/it\\\/prodotto\\\/facetten-kristalle-elemente-4er-set\\\/\",\"url\":\"https:\\\/\\\/esogetics.com\\\/it\\\/prodotto\\\/facetten-kristalle-elemente-4er-set\\\/\",\"name\":\"Facetten-Kristalle Elemente (4er Set) - Esogetics\",\"isPartOf\":{\"@id\":\"https:\\\/\\\/esogetics.com\\\/it\\\/#website\"},\"primaryImageOfPage\":{\"@id\":\"https:\\\/\\\/esogetics.com\\\/it\\\/prodotto\\\/facetten-kristalle-elemente-4er-set\\\/#primaryimage\"},\"image\":{\"@id\":\"https:\\\/\\\/esogetics.com\\\/it\\\/prodotto\\\/facetten-kristalle-elemente-4er-set\\\/#primaryimage\"},\"thumbnailUrl\":\"https:\\\/\\\/esogetics.com\\\/wp-content\\\/uploads\\\/2017\\\/04\\\/esogetics-produkte-6236.jpg\",\"datePublished\":\"2017-06-14T06:30:33+00:00\",\"dateModified\":\"2026-03-10T09:32:18+00:00\",\"breadcrumb\":{\"@id\":\"https:\\\/\\\/esogetics.com\\\/it\\\/prodotto\\\/facetten-kristalle-elemente-4er-set\\\/#breadcrumb\"},\"inLanguage\":\"it-IT\",\"potentialAction\":[{\"@type\":\"ReadAction\",\"target\":[\"https:\\\/\\\/esogetics.com\\\/it\\\/prodotto\\\/facetten-kristalle-elemente-4er-set\\\/\"]}]},{\"@type\":\"ImageObject\",\"inLanguage\":\"it-IT\",\"@id\":\"https:\\\/\\\/esogetics.com\\\/it\\\/prodotto\\\/facetten-kristalle-elemente-4er-set\\\/#primaryimage\",\"url\":\"https:\\\/\\\/esogetics.com\\\/wp-content\\\/uploads\\\/2017\\\/04\\\/esogetics-produkte-6236.jpg\",\"contentUrl\":\"https:\\\/\\\/esogetics.com\\\/wp-content\\\/uploads\\\/2017\\\/04\\\/esogetics-produkte-6236.jpg\",\"width\":1000,\"height\":1000},{\"@type\":\"BreadcrumbList\",\"@id\":\"https:\\\/\\\/esogetics.com\\\/it\\\/prodotto\\\/facetten-kristalle-elemente-4er-set\\\/#breadcrumb\",\"itemListElement\":[{\"@type\":\"ListItem\",\"position\":1,\"name\":\"Negozio\",\"item\":\"https:\\\/\\\/esogetics.com\\\/it\\\/negozio-2\\\/\"},{\"@type\":\"ListItem\",\"position\":2,\"name\":\"Facetten-Kristalle Elemente (4er Set)\"}]},{\"@type\":\"WebSite\",\"@id\":\"https:\\\/\\\/esogetics.com\\\/it\\\/#website\",\"url\":\"https:\\\/\\\/esogetics.com\\\/it\\\/\",\"name\":\"Esogetics\",\"description\":\"Die Heilkraft der Farben\",\"publisher\":{\"@id\":\"https:\\\/\\\/esogetics.com\\\/it\\\/#organization\"},\"potentialAction\":[{\"@type\":\"SearchAction\",\"target\":{\"@type\":\"EntryPoint\",\"urlTemplate\":\"https:\\\/\\\/esogetics.com\\\/it\\\/?s={search_term_string}\"},\"query-input\":{\"@type\":\"PropertyValueSpecification\",\"valueRequired\":true,\"valueName\":\"search_term_string\"}}],\"inLanguage\":\"it-IT\"},{\"@type\":\"Organization\",\"@id\":\"https:\\\/\\\/esogetics.com\\\/it\\\/#organization\",\"name\":\"Esogetics\",\"url\":\"https:\\\/\\\/esogetics.com\\\/it\\\/\",\"logo\":{\"@type\":\"ImageObject\",\"inLanguage\":\"it-IT\",\"@id\":\"https:\\\/\\\/esogetics.com\\\/it\\\/#\\\/schema\\\/logo\\\/image\\\/\",\"url\":\"https:\\\/\\\/dev.esogetics.org\\\/wp-content\\\/uploads\\\/2025\\\/02\\\/logo-esofetics.png\",\"contentUrl\":\"https:\\\/\\\/dev.esogetics.org\\\/wp-content\\\/uploads\\\/2025\\\/02\\\/logo-esofetics.png\",\"width\":300,\"height\":262,\"caption\":\"Esogetics\"},\"image\":{\"@id\":\"https:\\\/\\\/esogetics.com\\\/it\\\/#\\\/schema\\\/logo\\\/image\\\/\"}}]}<\/script>\n<!-- \/ Yoast SEO plugin. -->","yoast_head_json":{"title":"Facetten-Kristalle Elemente (4er Set) - Esogetics","robots":{"index":"index","follow":"follow","max-snippet":"max-snippet:-1","max-image-preview":"max-image-preview:large","max-video-preview":"max-video-preview:-1"},"canonical":"https:\/\/esogetics.com\/it\/prodotto\/facetten-kristalle-elemente-4er-set\/","og_locale":"it_IT","og_type":"article","og_title":"Facetten-Kristalle Elemente (4er Set) - Esogetics","og_description":"Anregung der Selbstheilungskr\u00e4fte und Tiefenentspannung \u00fcber Reflexbereiche des K\u00f6rpers (T\u00fcrkis, Lichtgr\u00fcn, Purpur, Ros\u00e9)","og_url":"https:\/\/esogetics.com\/it\/prodotto\/facetten-kristalle-elemente-4er-set\/","og_site_name":"Esogetics","article_modified_time":"2026-03-10T09:32:18+00:00","og_image":[{"width":1000,"height":1000,"url":"https:\/\/esogetics.com\/wp-content\/uploads\/2017\/04\/esogetics-produkte-6236.jpg","type":"image\/jpeg"}],"twitter_card":"summary_large_image","twitter_misc":{"Tempo di lettura stimato":"1 minuto"},"schema":{"@context":"https:\/\/schema.org","@graph":[{"@type":"WebPage","@id":"https:\/\/esogetics.com\/it\/prodotto\/facetten-kristalle-elemente-4er-set\/","url":"https:\/\/esogetics.com\/it\/prodotto\/facetten-kristalle-elemente-4er-set\/","name":"Facetten-Kristalle Elemente (4er Set) - Esogetics","isPartOf":{"@id":"https:\/\/esogetics.com\/it\/#website"},"primaryImageOfPage":{"@id":"https:\/\/esogetics.com\/it\/prodotto\/facetten-kristalle-elemente-4er-set\/#primaryimage"},"image":{"@id":"https:\/\/esogetics.com\/it\/prodotto\/facetten-kristalle-elemente-4er-set\/#primaryimage"},"thumbnailUrl":"https:\/\/esogetics.com\/wp-content\/uploads\/2017\/04\/esogetics-produkte-6236.jpg","datePublished":"2017-06-14T06:30:33+00:00","dateModified":"2026-03-10T09:32:18+00:00","breadcrumb":{"@id":"https:\/\/esogetics.com\/it\/prodotto\/facetten-kristalle-elemente-4er-set\/#breadcrumb"},"inLanguage":"it-IT","potentialAction":[{"@type":"ReadAction","target":["https:\/\/esogetics.com\/it\/prodotto\/facetten-kristalle-elemente-4er-set\/"]}]},{"@type":"ImageObject","inLanguage":"it-IT","@id":"https:\/\/esogetics.com\/it\/prodotto\/facetten-kristalle-elemente-4er-set\/#primaryimage","url":"https:\/\/esogetics.com\/wp-content\/uploads\/2017\/04\/esogetics-produkte-6236.jpg","contentUrl":"https:\/\/esogetics.com\/wp-content\/uploads\/2017\/04\/esogetics-produkte-6236.jpg","width":1000,"height":1000},{"@type":"BreadcrumbList","@id":"https:\/\/esogetics.com\/it\/prodotto\/facetten-kristalle-elemente-4er-set\/#breadcrumb","itemListElement":[{"@type":"ListItem","position":1,"name":"Negozio","item":"https:\/\/esogetics.com\/it\/negozio-2\/"},{"@type":"ListItem","position":2,"name":"Facetten-Kristalle Elemente (4er Set)"}]},{"@type":"WebSite","@id":"https:\/\/esogetics.com\/it\/#website","url":"https:\/\/esogetics.com\/it\/","name":"Esogetics","description":"Die Heilkraft der Farben","publisher":{"@id":"https:\/\/esogetics.com\/it\/#organization"},"potentialAction":[{"@type":"SearchAction","target":{"@type":"EntryPoint","urlTemplate":"https:\/\/esogetics.com\/it\/?s={search_term_string}"},"query-input":{"@type":"PropertyValueSpecification","valueRequired":true,"valueName":"search_term_string"}}],"inLanguage":"it-IT"},{"@type":"Organization","@id":"https:\/\/esogetics.com\/it\/#organization","name":"Esogetics","url":"https:\/\/esogetics.com\/it\/","logo":{"@type":"ImageObject","inLanguage":"it-IT","@id":"https:\/\/esogetics.com\/it\/#\/schema\/logo\/image\/","url":"https:\/\/dev.esogetics.org\/wp-content\/uploads\/2025\/02\/logo-esofetics.png","contentUrl":"https:\/\/dev.esogetics.org\/wp-content\/uploads\/2025\/02\/logo-esofetics.png","width":300,"height":262,"caption":"Esogetics"},"image":{"@id":"https:\/\/esogetics.com\/it\/#\/schema\/logo\/image\/"}}]}},"_links":{"self":[{"href":"https:\/\/esogetics.com\/it\/wp-json\/wp\/v2\/product\/40430","targetHints":{"allow":["GET"]}}],"collection":[{"href":"https:\/\/esogetics.com\/it\/wp-json\/wp\/v2\/product"}],"about":[{"href":"https:\/\/esogetics.com\/it\/wp-json\/wp\/v2\/types\/product"}],"replies":[{"embeddable":true,"href":"https:\/\/esogetics.com\/it\/wp-json\/wp\/v2\/comments?post=40430"}],"wp:featuredmedia":[{"embeddable":true,"href":"https:\/\/esogetics.com\/it\/wp-json\/wp\/v2\/media\/40431"}],"wp:attachment":[{"href":"https:\/\/esogetics.com\/it\/wp-json\/wp\/v2\/media?parent=40430"}],"wp:term":[{"taxonomy":"product_brand","embeddable":true,"href":"https:\/\/esogetics.com\/it\/wp-json\/wp\/v2\/product_brand?post=40430"},{"taxonomy":"product_cat","embeddable":true,"href":"https:\/\/esogetics.com\/it\/wp-json\/wp\/v2\/product_cat?post=40430"},{"taxonomy":"product_tag","embeddable":true,"href":"https:\/\/esogetics.com\/it\/wp-json\/wp\/v2\/product_tag?post=40430"}],"curies":[{"name":"wp","href":"https:\/\/api.w.org\/{rel}","templated":true}]}}