{"id":36167,"date":"2024-12-12T14:48:08","date_gmt":"2024-12-12T13:48:08","guid":{"rendered":"https:\/\/dev.esogetics.org\/?page_id=36167"},"modified":"2024-12-12T15:17:12","modified_gmt":"2024-12-12T14:17:12","slug":"malattie-manifeste","status":"publish","type":"page","link":"https:\/\/esogetics.com\/it\/esogetics-friends\/malattie-manifeste\/","title":{"rendered":"Malattie manifeste"},"content":{"rendered":"\n<style type=\"text\/css\" data-created_by=\"avia_inline_auto\" id=\"style-css-av-28njn9m-27ed99d326c7156315a1adb1419525b2\">\n.avia-section.av-28njn9m-27ed99d326c7156315a1adb1419525b2{\nbackground-repeat:no-repeat;\nbackground-image:url(https:\/\/esogetics.com\/wp-content\/uploads\/2024\/12\/esogetics-medizin-bruchsal-06.jpg);\nbackground-position:50% 50%;\nbackground-attachment:fixed;\n}\n.avia-section.av-28njn9m-27ed99d326c7156315a1adb1419525b2 .av-section-color-overlay{\nopacity:0.2;\nbackground-color:#000000;\n}\n<\/style>\n<div id='av_section_1'  class='avia-section av-28njn9m-27ed99d326c7156315a1adb1419525b2 main_color avia-section-default avia-no-border-styling  avia-builder-el-0  el_before_av_submenu  avia-builder-el-first  avia-full-stretch avia-bg-style-fixed av-section-color-overlay-active av-minimum-height av-minimum-height-50 av-height-50  container_wrap sidebar_right'  data-section-bg-repeat='stretch' data-av_minimum_height_pc='50' data-av_min_height_opt='50'><div class=\"av-section-color-overlay-wrap\"><div class=\"av-section-color-overlay\"><\/div><div class='container av-section-cont-open' ><main  role=\"main\" itemprop=\"mainContentOfPage\"  class='template-page content  av-content-small alpha units'><div class='post-entry post-entry-type-page post-entry-36167'><div class='entry-content-wrapper clearfix'>\n\n<style type=\"text\/css\" data-created_by=\"avia_inline_auto\" id=\"style-css-av-25zvi2i-fc91c609f84c55d1b4d391d14b0ea0db\">\n#top .av-special-heading.av-25zvi2i-fc91c609f84c55d1b4d391d14b0ea0db{\npadding-bottom:10px;\ncolor:#ffffff;\nfont-size:90px;\n}\nbody .av-special-heading.av-25zvi2i-fc91c609f84c55d1b4d391d14b0ea0db .av-special-heading-tag .heading-char{\nfont-size:25px;\n}\n#top #wrap_all .av-special-heading.av-25zvi2i-fc91c609f84c55d1b4d391d14b0ea0db .av-special-heading-tag{\nfont-size:90px;\n}\n.av-special-heading.av-25zvi2i-fc91c609f84c55d1b4d391d14b0ea0db .special-heading-inner-border{\nborder-color:#ffffff;\n}\n.av-special-heading.av-25zvi2i-fc91c609f84c55d1b4d391d14b0ea0db .av-subheading{\nfont-size:15px;\n}\n\n@media only screen and (min-width: 480px) and (max-width: 767px){ \n#top #wrap_all .av-special-heading.av-25zvi2i-fc91c609f84c55d1b4d391d14b0ea0db .av-special-heading-tag{\nfont-size:0.8em;\n}\n}\n\n@media only screen and (max-width: 479px){ \n#top #wrap_all .av-special-heading.av-25zvi2i-fc91c609f84c55d1b4d391d14b0ea0db .av-special-heading-tag{\nfont-size:0.8em;\n}\n}\n<\/style>\n<div  class='av-special-heading av-25zvi2i-fc91c609f84c55d1b4d391d14b0ea0db av-special-heading-h1 custom-color-heading blockquote modern-quote  avia-builder-el-1  avia-builder-el-no-sibling  av-inherit-size'><h1 class='av-special-heading-tag '  itemprop=\"headline\"  >Malattie manifeste<\/h1><div class=\"special-heading-border\"><div class=\"special-heading-inner-border\"><\/div><\/div><\/div>\n<\/div><\/div><\/main><!-- close content main element --><\/div><\/div><\/div><div class='clear'><\/div><div id='sub_menu1'  class='av-submenu-container av-24t6aka-ddfa949e2b2453befdfc305ee7b8856a main_color  avia-builder-el-2  el_after_av_section  el_before_av_section  av-sticky-submenu submenu-not-first container_wrap sidebar_right' style='z-index:301' ><div class='container av-menu-mobile-disabled av-submenu-pos-center'><ul id='av-custom-submenu-1' class='av-subnav-menu' role='menu'>\n<li class='menu-item av-2uddpz-2512a9be27d8b7cabf27391e53e2539d menu-item-top-level menu-item-top-level-1' role='menuitem'><a href='#workshops'  ><span class='avia-bullet'><\/span><span class='avia-menu-text'>Workshops<\/span><\/a><\/li>\n<li class='menu-item av-1x2e53-17f5e2b73555603551fe8a2593ada789 menu-item-top-level menu-item-top-level-2' role='menuitem'><a href='#produkte'  ><span class='avia-bullet'><\/span><span class='avia-menu-text'>Prodotti<\/span><\/a><\/li>\n<li class='menu-item av-1x2e53-1-a18e927ffd7e1eefee0f40e1b7755544 menu-item-top-level menu-item-top-level-3' role='menuitem'><a href='#therapeutensuche'  ><span class='avia-bullet'><\/span><span class='avia-menu-text'>Ricerca terapista<\/span><\/a><\/li>\n<\/ul><\/div><\/div><div class='sticky_placeholder'><\/div><\/p>\n<div id='av_section_2'  class='avia-section av-1zuj6i2-82444fd994c36ce2ae5103dd3d605a49 main_color avia-section-default avia-no-shadow  avia-builder-el-3  el_after_av_submenu  el_before_av_layout_row  avia-bg-style-scroll container_wrap sidebar_right'  ><div class='container av-section-cont-open' ><div class='template-page content  av-content-small alpha units'><div class='post-entry post-entry-type-page post-entry-36167'><div class='entry-content-wrapper clearfix'>\n\n<style type=\"text\/css\" data-created_by=\"avia_inline_auto\" id=\"style-css-av-1ye0j8a-b0c6fd71f3c8de7ee1179a9e0018ff45\">\n.flex_column.av-1ye0j8a-b0c6fd71f3c8de7ee1179a9e0018ff45{\nborder-radius:0px 0px 0px 0px;\npadding:0px 0px 0px 0px;\n}\n<\/style>\n<div  class='flex_column av-1ye0j8a-b0c6fd71f3c8de7ee1179a9e0018ff45 av_three_fourth  avia-builder-el-4  el_before_av_three_fourth  avia-builder-el-first  first flex_column_div av-zero-column-padding  '     ><style type=\"text\/css\" data-created_by=\"avia_inline_auto\" id=\"style-css-av-25me3r-0b2dc6fff389f63642eb10c20b44e809\">\n#top .av-special-heading.av-25me3r-0b2dc6fff389f63642eb10c20b44e809{\npadding-bottom:10px;\n}\nbody .av-special-heading.av-25me3r-0b2dc6fff389f63642eb10c20b44e809 .av-special-heading-tag .heading-char{\nfont-size:25px;\n}\n.av-special-heading.av-25me3r-0b2dc6fff389f63642eb10c20b44e809 .av-subheading{\nfont-size:15px;\n}\n<\/style>\n<div  class='av-special-heading av-25me3r-0b2dc6fff389f63642eb10c20b44e809 av-special-heading-h1  avia-builder-el-5  avia-builder-el-no-sibling '><h1 class='av-special-heading-tag '  itemprop=\"headline\"  >La malattia \u00e8 un viaggio.<\/h1><div class=\"special-heading-border\"><div class=\"special-heading-inner-border\"><\/div><\/div><\/div><\/div>\n<style type=\"text\/css\" data-created_by=\"avia_inline_auto\" id=\"style-css-av-1uh6g2y-b14d72f82515caaf9d8d9a7fc758890e\">\n.flex_column.av-1uh6g2y-b14d72f82515caaf9d8d9a7fc758890e{\nborder-radius:0px 0px 0px 0px;\npadding:0px 0px 0px 0px;\n}\n<\/style>\n<div  class='flex_column av-1uh6g2y-b14d72f82515caaf9d8d9a7fc758890e av_three_fourth  avia-builder-el-6  el_after_av_three_fourth  el_before_av_one_fourth  first flex_column_div av-zero-column-padding  column-top-margin'     ><p><section  class='av_textblock_section av-1t4iwiy-cd145b33475a0e726260cae567c4637d '   itemscope=\"itemscope\" itemtype=\"https:\/\/schema.org\/CreativeWork\" ><div class='avia_textblock'  itemprop=\"text\" ><p>Nelle malattie manifeste questo viaggio \u00e8 gi\u00e0 in stato avanzato e purtroppo nella direzione sbagliata. Noi ci domandiamo: dove, quando e perch\u00e9 un individuo \u00e8 uscito dal suo equilibrio? Il riconoscimento della situazione di vita e dello stato patologico dell\u2019individuo necessita di un confronto intenso tra il terapista e il paziente, ma anche tra il paziente e l\u2019ambiente in cui vive. Ad esempio cos\u00ec:<\/p>\n<\/div><\/section><br \/>\n<div  class='hr av-1s6o72i-2da8ebc3849a9768b36c5b0a1670901f hr-default  avia-builder-el-8  el_after_av_textblock  el_before_av_textblock '><span class='hr-inner '><span class=\"hr-inner-style\"><\/span><\/span><\/div><br \/>\n<section  class='av_textblock_section av-1q8roxm-7298192c99cc9b2a7d0947b87141ad70 '   itemscope=\"itemscope\" itemtype=\"https:\/\/schema.org\/CreativeWork\" ><div class='avia_textblock'  itemprop=\"text\" ><h3>Associazioni con terapie della medicina classica.<\/h3>\n<p>Come gi\u00e0 menzionato, consideriamo le nostre terapie come un completamento e una combinazione con altre procedure della medicina tradizionale.<br \/>\nRiteniamo che la cromopuntura possa essere un formidabile partner laddove la medicina tradizionale e quella delle apparecchiature sono utilizzate in modo adeguato e nel rispetto dell\u2019essere umano.<br \/>\nUn concetto centrale \u00e8 per noi quello dello \u201cstress da conflitto\u201d. Questo significa che all\u2019inizio deve esserci sempre un conflitto irrisolto, prima che il sistema immunitario ceda. Il conflitto da stress rilascia permanentemente precisi ormoni e questo \u00e8 ci\u00f2 che lo rende cos\u00ec pericoloso. Ora la domanda \u00e8: siamo in grado di indurre risoluzioni dei conflitti? Noi crediamo di s\u00ec.<\/p>\n<h3>Restituiamo alla cellula il suo ritmo.<\/h3>\n<p>Lo spirito, l\u2019anima e il corpo costituiscono insieme la presentazione dell\u2019esistenza individuale, che vuole realizzarsi nel quadro temporale della propria vita. La malattia \u00e8 pertanto semplicemente un problema di comunicazione.<\/p>\n<p><strong>Dalla stasi vogliamo ricondurLa alla Sua dinamica vitale.<\/strong><\/p>\n<p>Tutte le terapie per la risoluzione dei conflitti della Medicina Esogetica hanno un modello di pensiero comune. Le teorie e le ipotesi da noi formulate sono ben accolte nelle diverse direzioni di ricerca, soprattutto nella nuova direzione della neurogastroenterologia.<\/p>\n<p>Quindi noi diciamo: \u201eLa malattia non \u00e8 altro che la perdita della capacit\u00e0 della singola cellula di regolare da sola il suo comportamento vibratorio\u201c. Per questa ragione alla cromopuntura compete un importante ruolo per il riequilibrio energetico.<\/p>\n<\/div><\/section><br \/>\n<div  class='hr av-1ns78ze-734a51ee1d2f37d468f62d30cc46a8a5 hr-default  avia-builder-el-10  el_after_av_textblock  el_before_av_textblock '><span class='hr-inner '><span class=\"hr-inner-style\"><\/span><\/span><\/div><br \/>\n<section  class='av_textblock_section av-1mo4cje-fb07aa2b7eeedf6592650633e8a3e115 '   itemscope=\"itemscope\" itemtype=\"https:\/\/schema.org\/CreativeWork\" ><div class='avia_textblock'  itemprop=\"text\" ><h3>Esempio: affezioni reumatiche.<\/h3>\n<p>Nei casi di disturbi reumatici si tratta di dolorose alterazioni tessutali che colpiscono soprattutto le articolazioni e la muscolatura. Il reumatismo ha un decorso acuto, subacuto e cronico che genera gonfiori tessutali e muscolari, deformazioni articolari e indurimenti. Sappiamo che questa malattia ha un legame diretto con il sistema endocrino. Siccome gli ormoni influiscono in modo rilevante sulle emozioni, vi \u00e8 una stretta relazione tra i disturbi emozionali e le alterazioni nella regione del tessuto connettivo e dell\u2019apparato motorio. Per questa ragione noi poniamo al centro delle nostre osservazioni il processo dinamico dell\u2019 \u201comeostasi\u201d.<\/p>\n<\/div><\/section><br \/>\n<div  class='hr av-5rqlu2-e5cfcb21a31f1a2cc7e3a68e1e5515c8 hr-default  avia-builder-el-12  el_after_av_textblock  el_before_av_textblock '><span class='hr-inner '><span class=\"hr-inner-style\"><\/span><\/span><\/div><br \/>\n<section  class='av_textblock_section av-1jhtz96-0ecfa95431248ebb7248197fc154054b '   itemscope=\"itemscope\" itemtype=\"https:\/\/schema.org\/CreativeWork\" ><div class='avia_textblock'  itemprop=\"text\" ><h3>Esempio: diabete nella Medicina Esogetica.<\/h3>\n<p>Il diabete fa parte del gruppo delle malattie metaboliche. Il termine \u201ediabete mellito\u201c viene dal greco e significa \u201eflusso dolce come il miele\u201c e descrive l\u2019eliminazione dello zucchero attraverso l\u2019urina. Qui il pancreas \u00e8 al centro delle nostre osservazioni.<br \/>\nSoltanto la ricerca pi\u00f9 recente mette al centro il diabete da stress. Lo stress e gli irrigidimenti interiori dell\u2019uomo danno origine a correlazioni fatali al termine delle quali false informazioni, in una modalit\u00e0 simile al ping-pong, danno il via alla distruzione del livello pi\u00f9 basso della nostra vita. Queste associazioni palesano a noi la loro centralit\u00e0.<br \/>\nPer mezzo della Diagnosi Energetica dei Punti Terminali, brevemente DEPT, si possono descrivere alcune relazioni essenziali. In relazione al circolo funzionale milza-pancreas\/stomaco, ad esempio, sulla foto si vedono relazioni causali importanti gi\u00e0 molto prima della comparsa della malattia.<\/p>\n<\/div><\/section><\/p><\/div>\n<style type=\"text\/css\" data-created_by=\"avia_inline_auto\" id=\"style-css-av-1hr16d6-b977ef36bdea91768b84aa05d032bb67\">\n.flex_column.av-1hr16d6-b977ef36bdea91768b84aa05d032bb67{\nborder-radius:0px 0px 0px 0px;\npadding:0px 0px 0px 0px;\n}\n<\/style>\n<div  class='flex_column av-1hr16d6-b977ef36bdea91768b84aa05d032bb67 av_one_fourth  avia-builder-el-14  el_after_av_three_fourth  avia-builder-el-last  flex_column_div av-zero-column-padding  column-top-margin'     ><p><div  class='avia-builder-widget-area clearfix  avia-builder-el-15  el_before_av_hr  avia-builder-el-first '><div id=\"nav_menu-3\" class=\"widget clearfix widget_nav_menu\"><h3 class=\"widgettitle\">Applicazioni<\/h3><div class=\"menu-themen-italienisch-container\"><ul id=\"menu-themen-italienisch\" class=\"menu\"><li id=\"menu-item-36280\" class=\"menu-item menu-item-type-post_type menu-item-object-page menu-item-36280\"><a href=\"https:\/\/esogetics.com\/it\/esogetics-friends\/piu-energia\/\">Pi\u00f9 energia<\/a><\/li>\n<li id=\"menu-item-36281\" class=\"menu-item menu-item-type-post_type menu-item-object-page menu-item-36281\"><a href=\"https:\/\/esogetics.com\/it\/esogetics-friends\/difesa-sana\/\">Difesa sana<\/a><\/li>\n<li id=\"menu-item-36282\" class=\"menu-item menu-item-type-post_type menu-item-object-page menu-item-36282\"><a href=\"https:\/\/esogetics.com\/it\/esogetics-friends\/psiche-stabile\/\">Psiche stabile<\/a><\/li>\n<li id=\"menu-item-36283\" class=\"menu-item menu-item-type-post_type menu-item-object-page menu-item-36283\"><a href=\"https:\/\/esogetics.com\/it\/esogetics-friends\/vivere-senza-dolori\/\">Vivere senza dolori<\/a><\/li>\n<li id=\"menu-item-36284\" class=\"menu-item menu-item-type-post_type menu-item-object-page menu-item-36284\"><a href=\"https:\/\/esogetics.com\/it\/esogetics-friends\/bambini-fantastici\/\">Bambini fantastici!<\/a><\/li>\n<li id=\"menu-item-36285\" class=\"menu-item menu-item-type-post_type menu-item-object-page menu-item-36285\"><a href=\"https:\/\/esogetics.com\/it\/esogetics-friends\/malattie-manifeste\/\">Malattie manifeste<\/a><\/li>\n<\/ul><\/div><\/div><\/div><br \/>\n<div  class='hr av-1e6woze-a14aeb17443ff0ebadf3098a875dc7a4 hr-default  avia-builder-el-16  el_after_av_sidebar  el_before_av_social_share '><span class='hr-inner '><span class=\"hr-inner-style\"><\/span><\/span><\/div><br \/>\n<div  class='av-social-sharing-box av-1cmefyi-3ea10438b44ce40547fd8b0b3bf94a6c av-social-sharing-box-default  avia-builder-el-17  el_after_av_hr  el_before_av_hr  av-social-sharing-box-fullwidth'><div class=\"av-share-box\"><h5 class='av-share-link-description av-no-toc '>Condividi questo articolo<\/h5><ul class=\"av-share-box-list noLightbox\"><li class='av-share-link av-social-link-whatsapp avia_social_iconfont' ><a target=\"_blank\" aria-label=\"Condividi su WhatsApp\" href='https:\/\/api.whatsapp.com\/send?text=https:\/\/esogetics.com\/it\/esogetics-friends\/malattie-manifeste\/' data-av_icon='\uf232' data-av_iconfont='entypo-fontello'  title='' data-avia-related-tooltip='Condividi su WhatsApp'><span class='avia_hidden_link_text'>Condividi su WhatsApp<\/span><\/a><\/li><li class='av-share-link av-social-link-mail avia_social_iconfont' ><a  aria-label=\"Condividi attraverso Mail\" href='mailto:?subject=Malattie%20manifeste&#038;body=https:\/\/esogetics.com\/it\/esogetics-friends\/malattie-manifeste\/' data-av_icon='\ue805' data-av_iconfont='entypo-fontello'  title='' data-avia-related-tooltip='Condividi attraverso Mail'><span class='avia_hidden_link_text'>Condividi attraverso Mail<\/span><\/a><\/li><\/ul><\/div><\/div><br \/>\n<div  class='hr av-1b8glqi-cab97ccf47f4009d8be826560a870bad hr-default  avia-builder-el-18  el_after_av_social_share  el_before_av_sidebar '><span class='hr-inner '><span class=\"hr-inner-style\"><\/span><\/span><\/div><br \/>\n<div  class='avia-builder-widget-area clearfix  avia-builder-el-19  el_after_av_hr  avia-builder-el-last '><div id=\"custom_html-4\" class=\"widget_text widget clearfix widget_custom_html\"><h3 class=\"widgettitle\">Newsletter<\/h3><div class=\"textwidget custom-html-widget\"><iframe loading=\"lazy\" frameborder=\"0\" marginheight=\"0\" marginwidth=\"0\" scrolling=\"yes\" width=\"100%\" height=\"500\" allowtransparency=\"true\" src=\"https:\/\/tde6fec6e.emailsys1a.net\/166\/998\/08a49506e9\/subscribe\/form.html\"><\/iframe><\/div><\/div><\/div><\/p><\/div>\n\n<\/div><\/div><\/div><!-- close content main div --><\/div><\/div><div id='beitrag'  class='av-layout-grid-container av-17xwk1m-b4b027e698f1d980d913a865ed810bdd entry-content-wrapper main_color av-flex-cells  avia-builder-el-20  el_after_av_section  el_before_av_postcontent  hide grid-row-not-first  container_wrap sidebar_right'  >\n\n<style type=\"text\/css\" data-created_by=\"avia_inline_auto\" id=\"style-css-av-16zs7d6-5bb44783c1ab3314919ae7ad26504139\">\n.flex_cell.av-16zs7d6-5bb44783c1ab3314919ae7ad26504139{\nvertical-align:top;\nheight:500px;\nmin-height:500px;\nbackground:url(https:\/\/esogetics.com\/wp-content\/uploads\/2015\/03\/esogetics-mandel-5971.jpg) 50% 50% no-repeat scroll ;\n}\n.responsive #top #wrap_all .flex_cell.av-16zs7d6-5bb44783c1ab3314919ae7ad26504139{\npadding:0px 0px 0px 0px !important;\n}\n<\/style>\n<div class='flex_cell av-16zs7d6-5bb44783c1ab3314919ae7ad26504139 av-gridrow-cell av_one_half no_margin  avia-builder-el-21  el_before_av_cell_one_half  avia-builder-el-first  content-align-top av-zero-padding avia-full-stretch'  ><div class='flex_cell_inner'><\/div><\/div>\n<style type=\"text\/css\" data-created_by=\"avia_inline_auto\" id=\"style-css-av-14jo1u2-7d2f3f163e6adf9dd09ebc8e022091ea\">\n.flex_cell.av-14jo1u2-7d2f3f163e6adf9dd09ebc8e022091ea{\nvertical-align:top;\nheight:500px;\nmin-height:500px;\nbackground-color:#f8f8f8;\n}\n.responsive #top #wrap_all .flex_cell.av-14jo1u2-7d2f3f163e6adf9dd09ebc8e022091ea{\npadding:30px 30px 30px 30px !important;\n}\n<\/style>\n<div class='flex_cell av-14jo1u2-7d2f3f163e6adf9dd09ebc8e022091ea av-gridrow-cell av_one_half no_margin  avia-builder-el-22  el_after_av_cell_one_half  avia-builder-el-last  content-align-top'  ><div class='flex_cell_inner'><p>\n<style type=\"text\/css\" data-created_by=\"avia_inline_auto\" id=\"style-css-av-12brgqi-097cb68a92aa12ea2a9a4e85cc52544d\">\n#top .av-special-heading.av-12brgqi-097cb68a92aa12ea2a9a4e85cc52544d{\npadding-bottom:20px;\n}\nbody .av-special-heading.av-12brgqi-097cb68a92aa12ea2a9a4e85cc52544d .av-special-heading-tag .heading-char{\nfont-size:25px;\n}\n.av-special-heading.av-12brgqi-097cb68a92aa12ea2a9a4e85cc52544d .av-subheading{\nfont-size:15px;\n}\n<\/style>\n<div  class='av-special-heading av-12brgqi-097cb68a92aa12ea2a9a4e85cc52544d av-special-heading-h2  avia-builder-el-23  el_before_av_magazine  avia-builder-el-first '><h2 class='av-special-heading-tag '  itemprop=\"headline\"  >Articoli relativi al tema<\/h2><div class=\"special-heading-border\"><div class=\"special-heading-inner-border\"><\/div><\/div><\/div><br \/>\n<\/p>\n<\/div><\/div>\n<\/div>\n\n","protected":false},"excerpt":{"rendered":"","protected":false},"author":10,"featured_media":0,"parent":36147,"menu_order":0,"comment_status":"closed","ping_status":"closed","template":"","meta":{"_acf_changed":false,"_price":"","_stock":"","_tribe_ticket_header":"","_tribe_default_ticket_provider":"","_tribe_ticket_capacity":"0","_ticket_start_date":"","_ticket_end_date":"","_tribe_ticket_show_description":"","_tribe_ticket_show_not_going":false,"_tribe_ticket_use_global_stock":"","_tribe_ticket_global_stock_level":"","_global_stock_mode":"","_global_stock_cap":"","_tribe_rsvp_for_event":"","_tribe_ticket_going_count":"","_tribe_ticket_not_going_count":"","_tribe_tickets_list":"[]","_tribe_ticket_has_attendee_info_fields":false,"footnotes":"","_tec_slr_enabled":"","_tec_slr_layout":""},"class_list":["post-36167","page","type-page","status-publish","hentry"],"acf":[],"yoast_head":"<!-- This site is optimized with the Yoast SEO plugin v27.4 - https:\/\/yoast.com\/product\/yoast-seo-wordpress\/ -->\n<title>Malattie manifeste - Esogetics<\/title>\n<meta name=\"robots\" content=\"index, follow, max-snippet:-1, max-image-preview:large, max-video-preview:-1\" \/>\n<link rel=\"canonical\" href=\"https:\/\/esogetics.com\/it\/esogetics-friends\/malattie-manifeste\/\" \/>\n<meta property=\"og:locale\" content=\"it_IT\" \/>\n<meta property=\"og:type\" content=\"article\" \/>\n<meta property=\"og:title\" content=\"Malattie manifeste - Esogetics\" \/>\n<meta property=\"og:url\" content=\"https:\/\/esogetics.com\/it\/esogetics-friends\/malattie-manifeste\/\" \/>\n<meta property=\"og:site_name\" content=\"Esogetics\" \/>\n<meta property=\"article:modified_time\" content=\"2024-12-12T14:17:12+00:00\" \/>\n<meta name=\"twitter:card\" content=\"summary_large_image\" \/>\n<meta name=\"twitter:label1\" content=\"Tempo di lettura stimato\" \/>\n\t<meta name=\"twitter:data1\" content=\"4 minuti\" \/>\n<script type=\"application\/ld+json\" class=\"yoast-schema-graph\">{\"@context\":\"https:\\\/\\\/schema.org\",\"@graph\":[{\"@type\":\"WebPage\",\"@id\":\"https:\\\/\\\/esogetics.com\\\/it\\\/esogetics-friends\\\/malattie-manifeste\\\/\",\"url\":\"https:\\\/\\\/esogetics.com\\\/it\\\/esogetics-friends\\\/malattie-manifeste\\\/\",\"name\":\"Malattie manifeste - Esogetics\",\"isPartOf\":{\"@id\":\"https:\\\/\\\/esogetics.com\\\/it\\\/#website\"},\"datePublished\":\"2024-12-12T13:48:08+00:00\",\"dateModified\":\"2024-12-12T14:17:12+00:00\",\"breadcrumb\":{\"@id\":\"https:\\\/\\\/esogetics.com\\\/it\\\/esogetics-friends\\\/malattie-manifeste\\\/#breadcrumb\"},\"inLanguage\":\"it-IT\",\"potentialAction\":[{\"@type\":\"ReadAction\",\"target\":[\"https:\\\/\\\/esogetics.com\\\/it\\\/esogetics-friends\\\/malattie-manifeste\\\/\"]}]},{\"@type\":\"BreadcrumbList\",\"@id\":\"https:\\\/\\\/esogetics.com\\\/it\\\/esogetics-friends\\\/malattie-manifeste\\\/#breadcrumb\",\"itemListElement\":[{\"@type\":\"ListItem\",\"position\":1,\"name\":\"Esogetics Friends IT\",\"item\":\"https:\\\/\\\/esogetics.com\\\/it\\\/esogetics-friends\\\/\"},{\"@type\":\"ListItem\",\"position\":2,\"name\":\"Malattie manifeste\"}]},{\"@type\":\"WebSite\",\"@id\":\"https:\\\/\\\/esogetics.com\\\/it\\\/#website\",\"url\":\"https:\\\/\\\/esogetics.com\\\/it\\\/\",\"name\":\"Esogetics\",\"description\":\"Die Heilkraft der Farben\",\"publisher\":{\"@id\":\"https:\\\/\\\/esogetics.com\\\/it\\\/#organization\"},\"potentialAction\":[{\"@type\":\"SearchAction\",\"target\":{\"@type\":\"EntryPoint\",\"urlTemplate\":\"https:\\\/\\\/esogetics.com\\\/it\\\/?s={search_term_string}\"},\"query-input\":{\"@type\":\"PropertyValueSpecification\",\"valueRequired\":true,\"valueName\":\"search_term_string\"}}],\"inLanguage\":\"it-IT\"},{\"@type\":\"Organization\",\"@id\":\"https:\\\/\\\/esogetics.com\\\/it\\\/#organization\",\"name\":\"Esogetics\",\"url\":\"https:\\\/\\\/esogetics.com\\\/it\\\/\",\"logo\":{\"@type\":\"ImageObject\",\"inLanguage\":\"it-IT\",\"@id\":\"https:\\\/\\\/esogetics.com\\\/it\\\/#\\\/schema\\\/logo\\\/image\\\/\",\"url\":\"https:\\\/\\\/dev.esogetics.org\\\/wp-content\\\/uploads\\\/2025\\\/02\\\/logo-esofetics.png\",\"contentUrl\":\"https:\\\/\\\/dev.esogetics.org\\\/wp-content\\\/uploads\\\/2025\\\/02\\\/logo-esofetics.png\",\"width\":300,\"height\":262,\"caption\":\"Esogetics\"},\"image\":{\"@id\":\"https:\\\/\\\/esogetics.com\\\/it\\\/#\\\/schema\\\/logo\\\/image\\\/\"}}]}<\/script>\n<!-- \/ Yoast SEO plugin. -->","yoast_head_json":{"title":"Malattie manifeste - Esogetics","robots":{"index":"index","follow":"follow","max-snippet":"max-snippet:-1","max-image-preview":"max-image-preview:large","max-video-preview":"max-video-preview:-1"},"canonical":"https:\/\/esogetics.com\/it\/esogetics-friends\/malattie-manifeste\/","og_locale":"it_IT","og_type":"article","og_title":"Malattie manifeste - Esogetics","og_url":"https:\/\/esogetics.com\/it\/esogetics-friends\/malattie-manifeste\/","og_site_name":"Esogetics","article_modified_time":"2024-12-12T14:17:12+00:00","twitter_card":"summary_large_image","twitter_misc":{"Tempo di lettura stimato":"4 minuti"},"schema":{"@context":"https:\/\/schema.org","@graph":[{"@type":"WebPage","@id":"https:\/\/esogetics.com\/it\/esogetics-friends\/malattie-manifeste\/","url":"https:\/\/esogetics.com\/it\/esogetics-friends\/malattie-manifeste\/","name":"Malattie manifeste - Esogetics","isPartOf":{"@id":"https:\/\/esogetics.com\/it\/#website"},"datePublished":"2024-12-12T13:48:08+00:00","dateModified":"2024-12-12T14:17:12+00:00","breadcrumb":{"@id":"https:\/\/esogetics.com\/it\/esogetics-friends\/malattie-manifeste\/#breadcrumb"},"inLanguage":"it-IT","potentialAction":[{"@type":"ReadAction","target":["https:\/\/esogetics.com\/it\/esogetics-friends\/malattie-manifeste\/"]}]},{"@type":"BreadcrumbList","@id":"https:\/\/esogetics.com\/it\/esogetics-friends\/malattie-manifeste\/#breadcrumb","itemListElement":[{"@type":"ListItem","position":1,"name":"Esogetics Friends IT","item":"https:\/\/esogetics.com\/it\/esogetics-friends\/"},{"@type":"ListItem","position":2,"name":"Malattie manifeste"}]},{"@type":"WebSite","@id":"https:\/\/esogetics.com\/it\/#website","url":"https:\/\/esogetics.com\/it\/","name":"Esogetics","description":"Die Heilkraft der Farben","publisher":{"@id":"https:\/\/esogetics.com\/it\/#organization"},"potentialAction":[{"@type":"SearchAction","target":{"@type":"EntryPoint","urlTemplate":"https:\/\/esogetics.com\/it\/?s={search_term_string}"},"query-input":{"@type":"PropertyValueSpecification","valueRequired":true,"valueName":"search_term_string"}}],"inLanguage":"it-IT"},{"@type":"Organization","@id":"https:\/\/esogetics.com\/it\/#organization","name":"Esogetics","url":"https:\/\/esogetics.com\/it\/","logo":{"@type":"ImageObject","inLanguage":"it-IT","@id":"https:\/\/esogetics.com\/it\/#\/schema\/logo\/image\/","url":"https:\/\/dev.esogetics.org\/wp-content\/uploads\/2025\/02\/logo-esofetics.png","contentUrl":"https:\/\/dev.esogetics.org\/wp-content\/uploads\/2025\/02\/logo-esofetics.png","width":300,"height":262,"caption":"Esogetics"},"image":{"@id":"https:\/\/esogetics.com\/it\/#\/schema\/logo\/image\/"}}]}},"ticketed":false,"_links":{"self":[{"href":"https:\/\/esogetics.com\/it\/wp-json\/wp\/v2\/pages\/36167","targetHints":{"allow":["GET"]}}],"collection":[{"href":"https:\/\/esogetics.com\/it\/wp-json\/wp\/v2\/pages"}],"about":[{"href":"https:\/\/esogetics.com\/it\/wp-json\/wp\/v2\/types\/page"}],"author":[{"embeddable":true,"href":"https:\/\/esogetics.com\/it\/wp-json\/wp\/v2\/users\/10"}],"replies":[{"embeddable":true,"href":"https:\/\/esogetics.com\/it\/wp-json\/wp\/v2\/comments?post=36167"}],"version-history":[{"count":3,"href":"https:\/\/esogetics.com\/it\/wp-json\/wp\/v2\/pages\/36167\/revisions"}],"predecessor-version":[{"id":36322,"href":"https:\/\/esogetics.com\/it\/wp-json\/wp\/v2\/pages\/36167\/revisions\/36322"}],"up":[{"embeddable":true,"href":"https:\/\/esogetics.com\/it\/wp-json\/wp\/v2\/pages\/36147"}],"wp:attachment":[{"href":"https:\/\/esogetics.com\/it\/wp-json\/wp\/v2\/media?parent=36167"}],"curies":[{"name":"wp","href":"https:\/\/api.w.org\/{rel}","templated":true}]}}